{"id":7715,"date":"2025-06-17T07:33:33","date_gmt":"2025-06-17T07:33:33","guid":{"rendered":"https:\/\/rituelsetbeaute.fr\/?page_id=7715"},"modified":"2025-06-24T07:22:35","modified_gmt":"2025-06-24T07:22:35","slug":"fille-au-pluriel","status":"publish","type":"page","link":"https:\/\/rituelsetbeaute.fr\/index.php\/fille-au-pluriel\/","title":{"rendered":"Fille au pluriel"},"content":{"rendered":"\t\t<div data-elementor-type=\"wp-page\" data-elementor-id=\"7715\" class=\"elementor elementor-7715\">\n\t\t\t\t\t\t<section class=\"elementor-section elementor-top-section elementor-element elementor-element-eb1c31a elementor-section-full_width elementor-section-content-middle elementor-section-height-default elementor-section-height-default e-parent\" data-id=\"eb1c31a\" data-element_type=\"section\">\n\t\t\t\t\t\t<div class=\"elementor-container elementor-column-gap-no\">\n\t\t\t\t\t<div class=\"elementor-column elementor-col-50 elementor-top-column elementor-element elementor-element-acb8a9b lakit-col-width-auto-no elementor-invisible\" data-id=\"acb8a9b\" data-element_type=\"column\" data-settings=\"{&quot;background_background&quot;:&quot;classic&quot;,&quot;animation&quot;:&quot;lakitShortFadeInUp&quot;,&quot;animation_delay&quot;:200}\">\n\t\t\t<div class=\"elementor-widget-wrap elementor-element-populated\">\n\t\t\t\t\t\t<div class=\"elementor-element elementor-element-0194e60 elementor-widget elementor-widget-spacer\" data-id=\"0194e60\" data-element_type=\"widget\" data-widget_type=\"spacer.default\">\n\t\t\t\t<div class=\"elementor-widget-container\">\n\t\t\t\t\t\t\t<div class=\"elementor-spacer\">\n\t\t\t<div class=\"elementor-spacer-inner\"><\/div>\n\t\t<\/div>\n\t\t\t\t\t\t<\/div>\n\t\t\t\t<\/div>\n\t\t\t\t\t<\/div>\n\t\t<\/div>\n\t\t\t\t<div class=\"elementor-column elementor-col-50 elementor-top-column elementor-element elementor-element-a9f357d lakit-col-width-auto-no\" data-id=\"a9f357d\" data-element_type=\"column\" data-settings=\"{&quot;background_background&quot;:&quot;classic&quot;}\">\n\t\t\t<div class=\"elementor-widget-wrap elementor-element-populated\">\n\t\t\t\t\t<div class=\"elementor-background-overlay\"><\/div>\n\t\t\t\t\t\t<div class=\"elementor-element elementor-element-51eba5f elementor-widget elementor-widget-image\" data-id=\"51eba5f\" data-element_type=\"widget\" data-widget_type=\"image.default\">\n\t\t\t\t<div class=\"elementor-widget-container\">\n\t\t\t\t\t\t\t\t\t\t\t\t\t\t\t<img decoding=\"async\" width=\"284\" height=\"68\" src=\"https:\/\/rituelsetbeaute.fr\/wp-content\/uploads\/2025\/06\/logo-fr.svg\" class=\"attachment-large size-large wp-image-7744\" alt=\"\" \/>\t\t\t\t\t\t\t\t\t\t\t\t\t\t\t<\/div>\n\t\t\t\t<\/div>\n\t\t\t\t<div class=\"elementor-element elementor-element-75abcc4 elementor-widget__width-inherit elementor-widget-tablet__width-initial elementor-widget-laptop__width-initial elementor-invisible elementor-widget elementor-widget-heading\" data-id=\"75abcc4\" data-element_type=\"widget\" data-settings=\"{&quot;_animation&quot;:&quot;lakitShortFadeInUp&quot;,&quot;_animation_delay&quot;:300}\" data-widget_type=\"heading.default\">\n\t\t\t\t<div class=\"elementor-widget-container\">\n\t\t\t\t\t<h2 class=\"elementor-heading-title elementor-size-default\"><a href=\"https:\/\/filleaupluriel.fr\/fr\/\">L\u2019art de l\u2019\u00e9pilation. <\/a><\/h2>\t\t\t\t<\/div>\n\t\t\t\t<\/div>\n\t\t\t\t<div class=\"elementor-element elementor-element-88a5225 elementor-widget__width-inherit elementor-widget-tablet__width-initial elementor-widget-laptop__width-initial elementor-invisible elementor-widget elementor-widget-heading\" data-id=\"88a5225\" data-element_type=\"widget\" data-settings=\"{&quot;_animation&quot;:&quot;lakitShortFadeInUp&quot;,&quot;_animation_delay&quot;:300}\" data-widget_type=\"heading.default\">\n\t\t\t\t<div class=\"elementor-widget-container\">\n\t\t\t\t\t<h3 class=\"elementor-heading-title elementor-size-default\"><a href=\"https:\/\/filleaupluriel.fr\/fr\/\">Partenaire d\u2019excellence des esth\u00e9ticiennes du nouveau monde<\/a><\/h3>\t\t\t\t<\/div>\n\t\t\t\t<\/div>\n\t\t\t\t<div class=\"elementor-element elementor-element-8f86e36 elementor-widget elementor-widget-spacer\" data-id=\"8f86e36\" data-element_type=\"widget\" data-widget_type=\"spacer.default\">\n\t\t\t\t<div class=\"elementor-widget-container\">\n\t\t\t\t\t\t\t<div class=\"elementor-spacer\">\n\t\t\t<div class=\"elementor-spacer-inner\"><\/div>\n\t\t<\/div>\n\t\t\t\t\t\t<\/div>\n\t\t\t\t<\/div>\n\t\t\t\t<div class=\"elementor-element elementor-element-6171393 elementor-widget__width-initial elementor-invisible elementor-widget elementor-widget-text-editor\" data-id=\"6171393\" data-element_type=\"widget\" data-settings=\"{&quot;_animation&quot;:&quot;lakitShortFadeInUp&quot;,&quot;_animation_delay&quot;:400}\" data-widget_type=\"text-editor.default\">\n\t\t\t\t<div class=\"elementor-widget-container\">\n\t\t\t\t\t\t\t\t\tC\u2019est une marque jeune, dynamique, p\u00e9tillante, color\u00e9e, joyeuse et inspirante. Une marque dans laquelle chaque femme trouve sa gamme. \nUne touche d\u2019imagination, de cr\u00e9ativit\u00e9 f\u00e9minine, beaucoup de passion, de connaissance du m\u00e9tier de la cire \u00e0 \u00e9piler, une folle envie d\u2019\u00eatre et de rester \u00e0 votre \u00e9coute, voici le secret de notre histoire.\t\t\t\t\t\t\t\t<\/div>\n\t\t\t\t<\/div>\n\t\t\t\t\t<\/div>\n\t\t<\/div>\n\t\t\t\t\t<\/div>\n\t\t<\/section>\n\t\t\t\t<section class=\"elementor-section elementor-top-section elementor-element elementor-element-5325d5f elementor-section-content-middle elementor-reverse-mobile elementor-section-full_width elementor-section-height-default elementor-section-height-default e-parent\" data-id=\"5325d5f\" data-element_type=\"section\">\n\t\t\t\t\t\t<div class=\"elementor-container elementor-column-gap-no\">\n\t\t\t\t\t<div class=\"elementor-column elementor-col-50 elementor-top-column elementor-element elementor-element-11bc290 lakit-col-width-auto-no\" data-id=\"11bc290\" data-element_type=\"column\" data-settings=\"{&quot;background_background&quot;:&quot;classic&quot;}\">\n\t\t\t<div class=\"elementor-widget-wrap elementor-element-populated\">\n\t\t\t\t\t\t<div class=\"elementor-element elementor-element-45791a1 elementor-widget elementor-widget-spacer\" data-id=\"45791a1\" data-element_type=\"widget\" data-widget_type=\"spacer.default\">\n\t\t\t\t<div class=\"elementor-widget-container\">\n\t\t\t\t\t\t\t<div class=\"elementor-spacer\">\n\t\t\t<div class=\"elementor-spacer-inner\"><\/div>\n\t\t<\/div>\n\t\t\t\t\t\t<\/div>\n\t\t\t\t<\/div>\n\t\t\t\t<div class=\"elementor-element elementor-element-5cc053c elementor-widget elementor-widget-spacer\" data-id=\"5cc053c\" data-element_type=\"widget\" data-widget_type=\"spacer.default\">\n\t\t\t\t<div class=\"elementor-widget-container\">\n\t\t\t\t\t\t\t<div class=\"elementor-spacer\">\n\t\t\t<div class=\"elementor-spacer-inner\"><\/div>\n\t\t<\/div>\n\t\t\t\t\t\t<\/div>\n\t\t\t\t<\/div>\n\t\t\t\t<div class=\"elementor-element elementor-element-13726e2 elementor-widget__width-initial elementor-invisible elementor-widget elementor-widget-text-editor\" data-id=\"13726e2\" data-element_type=\"widget\" data-settings=\"{&quot;_animation&quot;:&quot;lakitShortFadeInUp&quot;,&quot;_animation_delay&quot;:400}\" data-widget_type=\"text-editor.default\">\n\t\t\t\t<div class=\"elementor-widget-container\">\n\t\t\t\t\t\t\t\t\t<p>L\u2019aventure commence en 2014 dans le sud de la France \u00e0 S\u00e8te.<br \/>Pour vous, Fille au pluriel a souhait\u00e9 cr\u00e9er non seulement des cires \u00e0 \u00e9piler aux qualit\u00e9s sup\u00e9rieures, faisant appel aux derni\u00e8res connaissances dans ce domaine, mais \u00e9galement tout un univers girly, \u00e9l\u00e9gant, glamour et f\u00e9minin. Fabrication Fran\u00e7aise sans produits \u00e0 controverse\u2026 type Colophane.<br \/>L\u2019\u00e9pilation devient enfin un moment de bien-\u00eatre et un v\u00e9ritable soin de d\u00e9tente !<br \/>Pour toutes ces raisons, Fille au Pluriel a eu la joie de remporter en 2016 le prix H.Pierantoni de l\u2019innovation.<br \/>Bienvenue dans notre univers.<\/p>\t\t\t\t\t\t\t\t<\/div>\n\t\t\t\t<\/div>\n\t\t\t\t\t<\/div>\n\t\t<\/div>\n\t\t\t\t<div class=\"elementor-column elementor-col-50 elementor-top-column elementor-element elementor-element-0e24662 column_full_right lakit-col-width-auto-no elementor-invisible\" data-id=\"0e24662\" data-element_type=\"column\" data-settings=\"{&quot;background_background&quot;:&quot;classic&quot;,&quot;animation&quot;:&quot;lakitShortFadeInUp&quot;,&quot;animation_delay&quot;:200}\">\n\t\t\t<div class=\"elementor-widget-wrap elementor-element-populated\">\n\t\t\t\t\t\t<div class=\"elementor-element elementor-element-9897518 elementor-widget elementor-widget-spacer\" data-id=\"9897518\" data-element_type=\"widget\" data-widget_type=\"spacer.default\">\n\t\t\t\t<div class=\"elementor-widget-container\">\n\t\t\t\t\t\t\t<div class=\"elementor-spacer\">\n\t\t\t<div class=\"elementor-spacer-inner\"><\/div>\n\t\t<\/div>\n\t\t\t\t\t\t<\/div>\n\t\t\t\t<\/div>\n\t\t\t\t\t<\/div>\n\t\t<\/div>\n\t\t\t\t\t<\/div>\n\t\t<\/section>\n\t\t\t\t<section class=\"elementor-section elementor-top-section elementor-element elementor-element-df2ebe6 elementor-section-full_width elementor-section-content-middle elementor-section-height-default elementor-section-height-default elementor-invisible e-parent\" data-id=\"df2ebe6\" data-element_type=\"section\" data-settings=\"{&quot;background_background&quot;:&quot;classic&quot;,&quot;animation&quot;:&quot;lakitShortFadeInUp&quot;,&quot;animation_delay&quot;:200}\">\n\t\t\t\t\t\t<div class=\"elementor-container elementor-column-gap-no\">\n\t\t\t\t\t<div class=\"elementor-column elementor-col-50 elementor-top-column elementor-element elementor-element-768062b lakit-col-width-auto-no\" data-id=\"768062b\" data-element_type=\"column\">\n\t\t\t<div class=\"elementor-widget-wrap elementor-element-populated\">\n\t\t\t\t\t\t<div class=\"elementor-element elementor-element-7d9d6b6 elementor-widget elementor-widget-image\" data-id=\"7d9d6b6\" data-element_type=\"widget\" data-widget_type=\"image.default\">\n\t\t\t\t<div class=\"elementor-widget-container\">\n\t\t\t\t\t\t\t\t\t\t\t\t\t\t\t\t<a href=\"https:\/\/rituelsetbeaute.fr\/wp-content\/uploads\/2025\/06\/59679-large_default.webp\" data-elementor-open-lightbox=\"yes\" data-elementor-lightbox-title=\"59679-large_default\" data-e-action-hash=\"#elementor-action%3Aaction%3Dlightbox%26settings%3DeyJpZCI6NzcyOSwidXJsIjoiaHR0cHM6XC9cL3JpdHVlbHNldGJlYXV0ZS5mclwvd3AtY29udGVudFwvdXBsb2Fkc1wvMjAyNVwvMDZcLzU5Njc5LWxhcmdlX2RlZmF1bHQud2VicCJ9\">\n\t\t\t\t\t\t\t<img fetchpriority=\"high\" decoding=\"async\" width=\"875\" height=\"1093\" src=\"https:\/\/rituelsetbeaute.fr\/wp-content\/uploads\/2025\/06\/59679-large_default.webp\" class=\"attachment-full size-full wp-image-7729\" alt=\"\" srcset=\"https:\/\/rituelsetbeaute.fr\/wp-content\/uploads\/2025\/06\/59679-large_default.webp 875w, https:\/\/rituelsetbeaute.fr\/wp-content\/uploads\/2025\/06\/59679-large_default-400x500.webp 400w, https:\/\/rituelsetbeaute.fr\/wp-content\/uploads\/2025\/06\/59679-large_default-800x1000.webp 800w, https:\/\/rituelsetbeaute.fr\/wp-content\/uploads\/2025\/06\/59679-large_default-600x750.webp 600w\" sizes=\"(max-width: 875px) 100vw, 875px\" \/>\t\t\t\t\t\t\t\t<\/a>\n\t\t\t\t\t\t\t\t\t\t\t\t\t\t\t<\/div>\n\t\t\t\t<\/div>\n\t\t\t\t\t<\/div>\n\t\t<\/div>\n\t\t\t\t<div class=\"elementor-column elementor-col-50 elementor-top-column elementor-element elementor-element-e8f9086 lakit-col-width-auto-no\" data-id=\"e8f9086\" data-element_type=\"column\">\n\t\t\t<div class=\"elementor-widget-wrap elementor-element-populated\">\n\t\t\t\t\t\t<section class=\"elementor-section elementor-inner-section elementor-element elementor-element-b0352d8 elementor-section-boxed elementor-section-height-default elementor-section-height-default elementor-invisible\" data-id=\"b0352d8\" data-element_type=\"section\" data-settings=\"{&quot;animation&quot;:&quot;lakitShortFadeInUp&quot;,&quot;animation_delay&quot;:400}\">\n\t\t\t\t\t\t<div class=\"elementor-container elementor-column-gap-no\">\n\t\t\t\t\t<div class=\"elementor-column elementor-col-100 elementor-inner-column elementor-element elementor-element-90b5bf7 lakit-col-width-auto-no\" data-id=\"90b5bf7\" data-element_type=\"column\">\n\t\t\t<div class=\"elementor-widget-wrap elementor-element-populated\">\n\t\t\t\t\t\t<div class=\"elementor-element elementor-element-bc598b3 elementor-widget elementor-widget-heading\" data-id=\"bc598b3\" data-element_type=\"widget\" data-widget_type=\"heading.default\">\n\t\t\t\t<div class=\"elementor-widget-container\">\n\t\t\t\t\t<h2 class=\"elementor-heading-title elementor-size-default\">NOUVELLE G\u00c9N\u00c9RATION<\/h2>\t\t\t\t<\/div>\n\t\t\t\t<\/div>\n\t\t\t\t<div class=\"elementor-element elementor-element-c86f558 elementor-widget elementor-widget-heading\" data-id=\"c86f558\" data-element_type=\"widget\" data-widget_type=\"heading.default\">\n\t\t\t\t<div class=\"elementor-widget-container\">\n\t\t\t\t\t<h3 class=\"elementor-heading-title elementor-size-default\">L\u2019\u00c9pilation Nouvelle G\u00e9n\u00e9ration<\/h3>\t\t\t\t<\/div>\n\t\t\t\t<\/div>\n\t\t\t\t<div class=\"elementor-element elementor-element-2e3e3e0 elementor-widget elementor-widget-text-editor\" data-id=\"2e3e3e0\" data-element_type=\"widget\" data-widget_type=\"text-editor.default\">\n\t\t\t\t<div class=\"elementor-widget-container\">\n\t\t\t\t\t\t\t\t\t<p>Peaux sensibles, rougeurs, inconfort\u2026 Une cire trop agressive peut vite transformer l\u2019\u00e9pilation en \u00e9preuve. <strong>Et si on changeait la donne ?<\/strong><\/p><p>Nos <strong>cires sans bande Nouvelle G\u00e9n\u00e9ration<\/strong>, formul\u00e9es <strong>sans colophane<\/strong>, sont ultra-souples et \u00e9lastiques. Elles retirent les poils les plus courts <strong>sans traumatiser la peau<\/strong>. Application fine, retrait net, elles sont parfaites pour le <strong>visage, les aisselles, le maillot et m\u00eame les jambes.<\/strong><\/p><p>Le <strong>petit<\/strong> + ? Leur formule douce <strong>limite les irritations<\/strong> et assure une \u00e9pilation <strong>tout confort<\/strong>. Disponibles en pastilles, elles <strong>fondent rapidement<\/strong> et offrent une exp\u00e9rience <strong>100 % pro<\/strong> en cabine.<\/p>\t\t\t\t\t\t\t\t<\/div>\n\t\t\t\t<\/div>\n\t\t\t\t\t<\/div>\n\t\t<\/div>\n\t\t\t\t\t<\/div>\n\t\t<\/section>\n\t\t\t\t<div class=\"elementor-element elementor-element-a971488 elementor-widget elementor-widget-image\" data-id=\"a971488\" data-element_type=\"widget\" data-widget_type=\"image.default\">\n\t\t\t\t<div class=\"elementor-widget-container\">\n\t\t\t\t\t\t\t\t\t\t\t\t\t\t\t<img decoding=\"async\" width=\"640\" height=\"178\" src=\"https:\/\/rituelsetbeaute.fr\/wp-content\/uploads\/2025\/06\/qui-sommes-nous-png.png\" class=\"attachment-large size-large wp-image-7767\" alt=\"\" \/>\t\t\t\t\t\t\t\t\t\t\t\t\t\t\t<\/div>\n\t\t\t\t<\/div>\n\t\t\t\t\t<\/div>\n\t\t<\/div>\n\t\t\t\t\t<\/div>\n\t\t<\/section>\n\t\t<div class=\"elementor-element elementor-element-7614d1c e-flex e-con-boxed lakit-col-width-auto-no e-container e-root-container elementor-top-section e-con e-parent\" data-id=\"7614d1c\" data-element_type=\"container\" data-settings=\"{&quot;background_background&quot;:&quot;classic&quot;}\">\n\t\t\t\t\t<div class=\"e-con-inner\">\n\t\t\t\t<div class=\"elementor-element elementor-element-37c747e elementor-arrows-position-inside elementor-widget elementor-widget-image-carousel\" data-id=\"37c747e\" data-element_type=\"widget\" data-settings=\"{&quot;navigation&quot;:&quot;arrows&quot;,&quot;autoplay&quot;:&quot;yes&quot;,&quot;pause_on_hover&quot;:&quot;yes&quot;,&quot;pause_on_interaction&quot;:&quot;yes&quot;,&quot;autoplay_speed&quot;:5000,&quot;infinite&quot;:&quot;yes&quot;,&quot;speed&quot;:500}\" data-widget_type=\"image-carousel.default\">\n\t\t\t\t<div class=\"elementor-widget-container\">\n\t\t\t\t\t\t\t<div class=\"elementor-image-carousel-wrapper swiper\" role=\"region\" aria-roledescription=\"carousel\" aria-label=\"Carrousel d\u2019images\" dir=\"ltr\">\n\t\t\t<div class=\"elementor-image-carousel swiper-wrapper\" aria-live=\"off\">\n\t\t\t\t\t\t\t\t<div class=\"swiper-slide\" role=\"group\" aria-roledescription=\"slide\" aria-label=\"1 sur 3\"><figure class=\"swiper-slide-inner\"><img decoding=\"async\" class=\"swiper-slide-image\" src=\"https:\/\/rituelsetbeaute.fr\/wp-content\/uploads\/2025\/06\/83-category_default-400x500.webp\" alt=\"83-category_default\" \/><\/figure><\/div><div class=\"swiper-slide\" role=\"group\" aria-roledescription=\"slide\" aria-label=\"2 sur 3\"><figure class=\"swiper-slide-inner\"><img decoding=\"async\" class=\"swiper-slide-image\" src=\"https:\/\/rituelsetbeaute.fr\/wp-content\/uploads\/2025\/06\/33-category_default-400x500.webp\" alt=\"33-category_default\" \/><\/figure><\/div><div class=\"swiper-slide\" role=\"group\" aria-roledescription=\"slide\" aria-label=\"3 sur 3\"><figure class=\"swiper-slide-inner\"><img decoding=\"async\" class=\"swiper-slide-image\" src=\"https:\/\/rituelsetbeaute.fr\/wp-content\/uploads\/2025\/06\/qui-sommes-nous-x1-400x500.webp\" alt=\"qui-sommes-nous-x1\" \/><\/figure><\/div>\t\t\t<\/div>\n\t\t\t\t\t\t\t\t\t\t\t\t<div class=\"elementor-swiper-button elementor-swiper-button-prev\" role=\"button\" tabindex=\"0\">\n\t\t\t\t\t\t<svg aria-hidden=\"true\" class=\"e-font-icon-svg e-eicon-chevron-left\" viewBox=\"0 0 1000 1000\" xmlns=\"http:\/\/www.w3.org\/2000\/svg\"><path d=\"M646 125C629 125 613 133 604 142L308 442C296 454 292 471 292 487 292 504 296 521 308 533L604 854C617 867 629 875 646 875 663 875 679 871 692 858 704 846 713 829 713 812 713 796 708 779 692 767L438 487 692 225C700 217 708 204 708 187 708 171 704 154 692 142 675 129 663 125 646 125Z\"><\/path><\/svg>\t\t\t\t\t<\/div>\n\t\t\t\t\t<div class=\"elementor-swiper-button elementor-swiper-button-next\" role=\"button\" tabindex=\"0\">\n\t\t\t\t\t\t<svg aria-hidden=\"true\" class=\"e-font-icon-svg e-eicon-chevron-right\" viewBox=\"0 0 1000 1000\" xmlns=\"http:\/\/www.w3.org\/2000\/svg\"><path d=\"M696 533C708 521 713 504 713 487 713 471 708 454 696 446L400 146C388 133 375 125 354 125 338 125 325 129 313 142 300 154 292 171 292 187 292 204 296 221 308 233L563 492 304 771C292 783 288 800 288 817 288 833 296 850 308 863 321 871 338 875 354 875 371 875 388 867 400 854L696 533Z\"><\/path><\/svg>\t\t\t\t\t<\/div>\n\t\t\t\t\n\t\t\t\t\t\t\t\t\t<\/div>\n\t\t\t\t\t\t<\/div>\n\t\t\t\t<\/div>\n\t\t\t\t\t<\/div>\n\t\t\t\t<\/div>\n\t\t\t\t<\/div>\n\t\t","protected":false},"excerpt":{"rendered":"<p>L\u2019art de l\u2019\u00e9pilation. Partenaire d\u2019excellence des esth\u00e9ticiennes du nouveau monde C\u2019est une marque jeune, dynamique, p\u00e9tillante, color\u00e9e, joyeuse et inspirante. [&hellip;]<\/p>\n","protected":false},"author":1,"featured_media":0,"parent":0,"menu_order":0,"comment_status":"closed","ping_status":"closed","template":"","meta":{"footnotes":""},"class_list":["post-7715","page","type-page","status-publish","hentry"],"_links":{"self":[{"href":"https:\/\/rituelsetbeaute.fr\/index.php\/wp-json\/wp\/v2\/pages\/7715","targetHints":{"allow":["GET"]}}],"collection":[{"href":"https:\/\/rituelsetbeaute.fr\/index.php\/wp-json\/wp\/v2\/pages"}],"about":[{"href":"https:\/\/rituelsetbeaute.fr\/index.php\/wp-json\/wp\/v2\/types\/page"}],"author":[{"embeddable":true,"href":"https:\/\/rituelsetbeaute.fr\/index.php\/wp-json\/wp\/v2\/users\/1"}],"replies":[{"embeddable":true,"href":"https:\/\/rituelsetbeaute.fr\/index.php\/wp-json\/wp\/v2\/comments?post=7715"}],"version-history":[{"count":34,"href":"https:\/\/rituelsetbeaute.fr\/index.php\/wp-json\/wp\/v2\/pages\/7715\/revisions"}],"predecessor-version":[{"id":7770,"href":"https:\/\/rituelsetbeaute.fr\/index.php\/wp-json\/wp\/v2\/pages\/7715\/revisions\/7770"}],"wp:attachment":[{"href":"https:\/\/rituelsetbeaute.fr\/index.php\/wp-json\/wp\/v2\/media?parent=7715"}],"curies":[{"name":"wp","href":"https:\/\/api.w.org\/{rel}","templated":true}]}}