{"id":7915,"date":"2025-06-30T14:51:52","date_gmt":"2025-06-30T14:51:52","guid":{"rendered":"https:\/\/rituelsetbeaute.fr\/?page_id=7915"},"modified":"2025-06-30T15:10:40","modified_gmt":"2025-06-30T15:10:40","slug":"mentions-legales","status":"publish","type":"page","link":"https:\/\/rituelsetbeaute.fr\/index.php\/mentions-legales\/","title":{"rendered":"Mentions l\u00e9gales"},"content":{"rendered":"\t\t<div data-elementor-type=\"wp-page\" data-elementor-id=\"7915\" class=\"elementor elementor-7915\">\n\t\t\t\t<div class=\"elementor-element elementor-element-d0d80d3 e-flex e-con-boxed lakit-col-width-auto-no e-container e-root-container elementor-top-section e-con e-parent\" data-id=\"d0d80d3\" data-element_type=\"container\">\n\t\t\t\t\t<div class=\"e-con-inner\">\n\t\t\t\t<div class=\"elementor-element elementor-element-b9607f6 elementor-widget elementor-widget-text-editor\" data-id=\"b9607f6\" data-element_type=\"widget\" data-widget_type=\"text-editor.default\">\n\t\t\t\t<div class=\"elementor-widget-container\">\n\t\t\t\t\t\t\t\t\t<h1>Mentions L\u00e9gales<\/h1><p>Date de mise \u00e0 jour : 30\/06\/2025<\/p><h2>1. \u00c9diteur du site<\/h2><p>Raison sociale : Rituels &amp; Beaut\u00e9 (entreprise individuelle)<br \/>Propri\u00e9taire : AURORE GRONDIN<br \/>Adresse : ROUTE DEPARTEMENTALE 562 CENTRE AGORA 1ER ETAGE, 83440 CALLIAN France<br \/>T\u00e9l\u00e9phone : 0755494008<\/p><p>Num\u00e9ro SIRET : 82908957200038<br \/>Responsable de la publication : AURORE GRONDIN<\/p><h2>2. H\u00e9bergement<\/h2><p>Le site https:\/\/rituelsetbeaute.fr\/ est h\u00e9berg\u00e9 par :<\/p><p>Azur Informatique<br \/>Centre Cial Mercuriales, 2, 83440 Tourrettes<br \/>04 94 39 85 85<br \/><a href=\"https:\/\/www.azur-informatique.fr\/\">https:\/\/www.azur-informatique.fr\/<\/a><\/p><h2>3. Propri\u00e9t\u00e9 intellectuelle<\/h2><p>Le site et chacun des \u00e9l\u00e9ments qui le composent, notamment textes, images, logos, graphismes, sont prot\u00e9g\u00e9s par le droit de la propri\u00e9t\u00e9 intellectuelle.<br \/>Toute reproduction, repr\u00e9sentation, modification, publication ou adaptation, totale ou partielle des \u00e9l\u00e9ments du site est interdite, sauf autorisation \u00e9crite pr\u00e9alable de Rituels &amp; Beaut\u00e9.<\/p><h2>4. Donn\u00e9es personnelles<\/h2><p>Pour conna\u00eetre notre politique de traitement des donn\u00e9es personnelles, veuillez consulter notre page Politique de Confidentialit\u00e9.<\/p><h2>5. Cookies<\/h2><p>Le site peut utiliser des cookies n\u00e9cessaires \u00e0 son bon fonctionnement. Vous pouvez refuser ou g\u00e9rer leur d\u00e9p\u00f4t via les param\u00e8tres de votre navigateur.<\/p><h2>6. Limitation de responsabilit\u00e9<\/h2><p>Rituels &amp; Beaut\u00e9 s\u2019efforce d\u2019assurer l\u2019exactitude des informations diffus\u00e9es sur le site mais ne saurait \u00eatre tenue responsable des erreurs ou omissions.<br \/>Les liens externes, notamment vers Booksy pour la prise de rendez-vous, ne sauraient engager notre responsabilit\u00e9 quant \u00e0 leur contenu.<\/p><h2>7. Droit applicable<\/h2><p>Le pr\u00e9sent site est soumis au droit fran\u00e7ais.<br \/>En cas de litige, les tribunaux fran\u00e7ais seront seuls comp\u00e9tents.<\/p><h2>8. Contact<\/h2><p>Pour toute question relative au site ou signaler un contenu inappropri\u00e9, vous pouvez nous contacter :<br \/>0755494008<br \/>ROUTE DEPARTEMENTALE 562 CENTRE AGORA 1ER ETAGE, 83440 CALLIAN France<\/p>\t\t\t\t\t\t\t\t<\/div>\n\t\t\t\t<\/div>\n\t\t\t\t\t<\/div>\n\t\t\t\t<\/div>\n\t\t\t\t<\/div>\n\t\t","protected":false},"excerpt":{"rendered":"<p>Mentions L\u00e9gales Date de mise \u00e0 jour : 30\/06\/2025 1. \u00c9diteur du site Raison sociale : Rituels &amp; Beaut\u00e9 (entreprise [&hellip;]<\/p>\n","protected":false},"author":1,"featured_media":0,"parent":0,"menu_order":0,"comment_status":"closed","ping_status":"closed","template":"","meta":{"footnotes":""},"class_list":["post-7915","page","type-page","status-publish","hentry"],"_links":{"self":[{"href":"https:\/\/rituelsetbeaute.fr\/index.php\/wp-json\/wp\/v2\/pages\/7915","targetHints":{"allow":["GET"]}}],"collection":[{"href":"https:\/\/rituelsetbeaute.fr\/index.php\/wp-json\/wp\/v2\/pages"}],"about":[{"href":"https:\/\/rituelsetbeaute.fr\/index.php\/wp-json\/wp\/v2\/types\/page"}],"author":[{"embeddable":true,"href":"https:\/\/rituelsetbeaute.fr\/index.php\/wp-json\/wp\/v2\/users\/1"}],"replies":[{"embeddable":true,"href":"https:\/\/rituelsetbeaute.fr\/index.php\/wp-json\/wp\/v2\/comments?post=7915"}],"version-history":[{"count":7,"href":"https:\/\/rituelsetbeaute.fr\/index.php\/wp-json\/wp\/v2\/pages\/7915\/revisions"}],"predecessor-version":[{"id":7924,"href":"https:\/\/rituelsetbeaute.fr\/index.php\/wp-json\/wp\/v2\/pages\/7915\/revisions\/7924"}],"wp:attachment":[{"href":"https:\/\/rituelsetbeaute.fr\/index.php\/wp-json\/wp\/v2\/media?parent=7915"}],"curies":[{"name":"wp","href":"https:\/\/api.w.org\/{rel}","templated":true}]}}